{"id":394,"date":"2015-07-29T13:44:44","date_gmt":"2015-07-29T13:44:44","guid":{"rendered":"https:\/\/optimus.qsandbox.com\/zqs\/qbcj\/site\/zakra-construction\/?page_id=4"},"modified":"2024-03-27T11:41:51","modified_gmt":"2024-03-27T10:41:51","slug":"home","status":"publish","type":"page","link":"https:\/\/franck-michel.fr\/","title":{"rendered":"Accueil"},"content":{"rendered":"\n<div class=\"alignfull blockart-section blockart-section-49e9c709 alignfull\"><div class=\"blockart-container\"><div class=\"blockart-section-inner\">\n<div class=\"blockart-column blockart-column-cb770f2e\"><div class=\"blockart-column-inner\"><\/div><\/div>\n\n\n\n<div class=\"blockart-column blockart-column-9656924a\"><div class=\"blockart-column-inner\">\n<h4 class=\"blockart-heading blockart-heading-0116d3e6\">25 ANS D\u2019EXP\u00c9RIENCE SUR LE TERRAIN<\/h4>\n\n\n\n<h2 class=\"blockart-heading blockart-heading-912110d2\">votre artisan de proximit\u00e9<\/h2>\n\n\n\n<h2 class=\"blockart-heading blockart-heading-1b586549\">Franck Michel Ma\u00e7onnerie<\/h2>\n\n\n\n<p class=\"blockart-paragraph blockart-paragraph-d647ad9e\">Ma\u00e7on implant\u00e9 sur l&#8217;agglom\u00e9ration de Rouen depuis plus de 15 ans, Franck Michel \u00e0 votre service pour tous vos projets de ma\u00e7onnerie du gros \u0153uvre jusqu&#8217;\u00e0 l&#8217;enduit de finition.<\/p>\n\n\n\n<div class=\"blockart-buttons blockart-buttons-80cccecd is-wrap\">\n<div class=\"blockart-button blockart-button-aa0f3c05 \"><a class=\"blockart-button-link is-large is-style-filled\" href=\"https:\/\/franck-michel.fr\/index.php\/about\/\">En savoir plus<span class=\"blockart-button-icon\"><svg width=\"24\" height=\"24\" xmlns=\"http:\/\/www.w3.org\/2000\/svg\" viewBox=\"0 0 24 24\" class=\"blockart-icon\" aria-hidden=\"true\"><path d=\"M21.8 12l-7-6v5H2v2h12.8v5l7-6z\"><\/path><\/svg><\/span><\/a><\/div>\n<\/div>\n<\/div><\/div>\n<\/div><\/div><\/div>\n\n\n\n<div id=\"services\" class=\"alignfull blockart-section blockart-section-72de30a4 alignfull\"><div class=\"blockart-container\"><div class=\"blockart-section-inner\">\n<div class=\"blockart-column blockart-column-f0360f2e\"><div class=\"blockart-column-inner\">\n<figure class=\"blockart-image blockart-image-397160a2\"><img loading=\"lazy\" decoding=\"async\" width=\"60\" height=\"80\" class=\"wp-image-81 hover-effect-static filter-none mask mask-none\" src=\"http:\/\/franck-michel.fr\/wp-content\/uploads\/2023\/10\/Frame.png\" alt=\"\"\/><\/figure>\n\n\n\n<h2 class=\"blockart-heading blockart-heading-987d323c\">CONSTRUCTION<\/h2>\n\n\n\n<p class=\"blockart-paragraph blockart-paragraph-563a806a\">Nous assurons le gros \u0153uvre pour tous vos projets de construction. Fondations, murs porteurs, soubassements et assainissements de qualit\u00e9.<\/p>\n<\/div><\/div>\n\n\n\n<div class=\"blockart-column blockart-column-9b1b1061\"><div class=\"blockart-column-inner\">\n<figure class=\"blockart-image blockart-image-775494f6\"><img loading=\"lazy\" decoding=\"async\" width=\"90\" height=\"80\" class=\"wp-image-82 hover-effect-static filter-none mask mask-none\" src=\"http:\/\/franck-michel.fr\/wp-content\/uploads\/2023\/10\/Frame-1.png\" alt=\"\"\/><\/figure>\n\n\n\n<h2 class=\"blockart-heading blockart-heading-9e4e3758\">INTERIEUR<\/h2>\n\n\n\n<p class=\"blockart-paragraph blockart-paragraph-c7c3c8a1\">Les travaux de 2nd \u0153uvre comme les murs int\u00e9rieurs, les dalles et la cr\u00e9ation de chemin\u00e9es font \u00e9galement parti de nos comp\u00e9tences.<\/p>\n<\/div><\/div>\n\n\n\n<div class=\"blockart-column blockart-column-2e32e215\"><div class=\"blockart-column-inner\">\n<figure class=\"blockart-image blockart-image-e36068e0\"><img loading=\"lazy\" decoding=\"async\" width=\"100\" height=\"80\" class=\"wp-image-83 hover-effect-static filter-none mask mask-none\" src=\"http:\/\/franck-michel.fr\/wp-content\/uploads\/2023\/10\/Frame-2.png\" alt=\"\"\/><\/figure>\n\n\n\n<h2 class=\"blockart-heading blockart-heading-7b3819b6\">REPARATION<\/h2>\n\n\n\n<p class=\"blockart-paragraph blockart-paragraph-88b8b0d8\">L&#8217;analyse et la r\u00e9paration de certaines \u0153uvres sont possibles apr\u00e8s certains \u00e9v\u00e9nements comme un d\u00e9g\u00e2t des eaux ou un \u00e9v\u00e9nement naturel.<\/p>\n<\/div><\/div>\n<\/div><\/div><\/div>\n\n\n\n<div class=\"alignfull blockart-section blockart-section-23ff666b alignfull\"><div class=\"blockart-container\"><div class=\"blockart-section-inner\">\n<div class=\"blockart-column blockart-column-890262c2\"><div class=\"blockart-column-inner\">\n<figure class=\"blockart-image blockart-image-f400f85a\"><img loading=\"lazy\" decoding=\"async\" width=\"80\" height=\"80\" class=\"wp-image-84 hover-effect-static filter-none mask mask-none\" src=\"http:\/\/franck-michel.fr\/wp-content\/uploads\/2023\/10\/Frame-3.png\" alt=\"\"\/><\/figure>\n\n\n\n<h2 class=\"blockart-heading blockart-heading-52ce2140\">OUVERTURE MUR PORTEUR<\/h2>\n\n\n\n<p class=\"blockart-paragraph blockart-paragraph-aa89bed1\">Envie de moderniser votre int\u00e9rieur ? Nous effectuons la pose d&#8217;IPN en remplacement d&#8217;un mur porteur pour vos cuisines et s\u00e9jours.<\/p>\n<\/div><\/div>\n\n\n\n<div class=\"blockart-column blockart-column-118b83f5\"><div class=\"blockart-column-inner\">\n<figure class=\"blockart-image blockart-image-1a5ab618\"><img loading=\"lazy\" decoding=\"async\" width=\"100\" height=\"80\" class=\"wp-image-85 hover-effect-static filter-none mask mask-none\" src=\"http:\/\/franck-michel.fr\/wp-content\/uploads\/2023\/10\/Frame-4.png\" alt=\"\"\/><\/figure>\n\n\n\n<h2 class=\"blockart-heading blockart-heading-5c55c8bd\">\u00c9QUIPEMENT ADAPT\u00c9<\/h2>\n\n\n\n<p class=\"blockart-paragraph blockart-paragraph-e5141461\">L&#8217;acc\u00e8s \u00e0 votre terrain est difficile ? Votre projet n\u00e9cessite de contourner des logements ? Nous avons le mat\u00e9riel adapt\u00e9 \u00e0 toutes les situations !<\/p>\n<\/div><\/div>\n\n\n\n<div class=\"blockart-column blockart-column-0ab541f1\"><div class=\"blockart-column-inner\">\n<figure class=\"blockart-image blockart-image-d0133428\"><img loading=\"lazy\" decoding=\"async\" width=\"90\" height=\"80\" class=\"wp-image-86 hover-effect-static filter-none mask mask-none\" src=\"http:\/\/franck-michel.fr\/wp-content\/uploads\/2023\/10\/Frame-5.png\" alt=\"\"\/><\/figure>\n\n\n\n<h2 class=\"blockart-heading blockart-heading-0de65081\">FINITION<\/h2>\n\n\n\n<p class=\"blockart-paragraph blockart-paragraph-e7c998c1\">Que ce soit un mur de briques, de silex ou pour un un enduit moderne \u00e0 la couleur de votre choix, nous savons nous adapter \u00e0 la demande.<\/p>\n<\/div><\/div>\n<\/div><\/div><\/div>\n\n\n\n<div id=\"projects\" class=\"alignfull blockart-section blockart-section-3a5c5521 alignfull\"><div class=\"blockart-container\"><div class=\"blockart-section-inner\">\n<div class=\"blockart-column blockart-column-448bf1b7\"><div class=\"blockart-column-inner\">\n<h2 class=\"blockart-heading blockart-heading-afdcf2b7\">NOS REALISATIONS<\/h2>\n\n\n\n<p class=\"blockart-paragraph blockart-paragraph-15d701ae\">D\u00e9couvrez nos comp\u00e9tences \u00e0 travers nos derniers chantiers dans les illustrations suivantes<\/p>\n\n\n\n<div class=\"blockart-section blockart-section-0fce23d4\"><div class=\"blockart-container\"><div class=\"blockart-section-inner\">\n<div class=\"blockart-column blockart-column-df9afa9f\"><div class=\"blockart-column-inner\">\n<figure class=\"blockart-image blockart-image-9b3442a9\"><img loading=\"lazy\" decoding=\"async\" width=\"2560\" height=\"1920\" class=\"wp-image-428 hover-effect-static filter-none mask mask-none\" src=\"https:\/\/franck-michel.fr\/wp-content\/uploads\/2024\/01\/31-scaled.jpg\" alt=\"\" srcset=\"https:\/\/franck-michel.fr\/wp-content\/uploads\/2024\/01\/31-scaled.jpg 2560w, https:\/\/franck-michel.fr\/wp-content\/uploads\/2024\/01\/31-300x225.jpg 300w, https:\/\/franck-michel.fr\/wp-content\/uploads\/2024\/01\/31-1024x768.jpg 1024w, https:\/\/franck-michel.fr\/wp-content\/uploads\/2024\/01\/31-768x576.jpg 768w, https:\/\/franck-michel.fr\/wp-content\/uploads\/2024\/01\/31-1536x1152.jpg 1536w, https:\/\/franck-michel.fr\/wp-content\/uploads\/2024\/01\/31-2048x1536.jpg 2048w\" sizes=\"auto, (max-width: 2560px) 100vw, 2560px\" \/><\/figure>\n\n\n\n<h2 class=\"blockart-heading blockart-heading-4ca1f80b\">BRIQUES &amp; SILEX<\/h2>\n<\/div><\/div>\n\n\n\n<div class=\"blockart-column blockart-column-b27b7fa9\"><div class=\"blockart-column-inner\">\n<figure class=\"blockart-image blockart-image-5de00d0c\"><img loading=\"lazy\" decoding=\"async\" width=\"2560\" height=\"1920\" class=\"wp-image-429 hover-effect-static filter-none mask mask-none\" src=\"https:\/\/franck-michel.fr\/wp-content\/uploads\/2024\/01\/33-scaled.jpg\" alt=\"\" srcset=\"https:\/\/franck-michel.fr\/wp-content\/uploads\/2024\/01\/33-scaled.jpg 2560w, https:\/\/franck-michel.fr\/wp-content\/uploads\/2024\/01\/33-300x225.jpg 300w, https:\/\/franck-michel.fr\/wp-content\/uploads\/2024\/01\/33-1024x768.jpg 1024w, https:\/\/franck-michel.fr\/wp-content\/uploads\/2024\/01\/33-768x576.jpg 768w, https:\/\/franck-michel.fr\/wp-content\/uploads\/2024\/01\/33-1536x1152.jpg 1536w, https:\/\/franck-michel.fr\/wp-content\/uploads\/2024\/01\/33-2048x1536.jpg 2048w\" sizes=\"auto, (max-width: 2560px) 100vw, 2560px\" \/><\/figure>\n\n\n\n<h2 class=\"blockart-heading blockart-heading-02acdc46\">TERRASSES<\/h2>\n<\/div><\/div>\n\n\n\n<div class=\"blockart-column blockart-column-fb6fb123\"><div class=\"blockart-column-inner\">\n<figure class=\"blockart-image blockart-image-ed5a11fe\"><img loading=\"lazy\" decoding=\"async\" width=\"2560\" height=\"1920\" class=\"wp-image-433 hover-effect-static filter-none mask mask-none\" src=\"https:\/\/franck-michel.fr\/wp-content\/uploads\/2024\/01\/29-scaled.jpg\" alt=\"\" srcset=\"https:\/\/franck-michel.fr\/wp-content\/uploads\/2024\/01\/29-scaled.jpg 2560w, https:\/\/franck-michel.fr\/wp-content\/uploads\/2024\/01\/29-300x225.jpg 300w, https:\/\/franck-michel.fr\/wp-content\/uploads\/2024\/01\/29-1024x768.jpg 1024w, https:\/\/franck-michel.fr\/wp-content\/uploads\/2024\/01\/29-768x576.jpg 768w, https:\/\/franck-michel.fr\/wp-content\/uploads\/2024\/01\/29-1536x1152.jpg 1536w, https:\/\/franck-michel.fr\/wp-content\/uploads\/2024\/01\/29-2048x1536.jpg 2048w\" sizes=\"auto, (max-width: 2560px) 100vw, 2560px\" \/><\/figure>\n\n\n\n<h2 class=\"blockart-heading blockart-heading-25da5835\">ENDUITS<\/h2>\n<\/div><\/div>\n<\/div><\/div><\/div>\n\n\n\n<div class=\"blockart-section blockart-section-5d7a51a6\"><div class=\"blockart-container\"><div class=\"blockart-section-inner\">\n<div class=\"blockart-column blockart-column-ec3af22c\"><div class=\"blockart-column-inner\">\n<figure class=\"blockart-image blockart-image-77a8f7c1\"><img loading=\"lazy\" decoding=\"async\" width=\"2560\" height=\"1244\" class=\"wp-image-434 hover-effect-static filter-none mask mask-none\" src=\"https:\/\/franck-michel.fr\/wp-content\/uploads\/2024\/01\/69-scaled.jpg\" alt=\"\" srcset=\"https:\/\/franck-michel.fr\/wp-content\/uploads\/2024\/01\/69-scaled.jpg 2560w, https:\/\/franck-michel.fr\/wp-content\/uploads\/2024\/01\/69-300x146.jpg 300w, https:\/\/franck-michel.fr\/wp-content\/uploads\/2024\/01\/69-1024x498.jpg 1024w, https:\/\/franck-michel.fr\/wp-content\/uploads\/2024\/01\/69-768x373.jpg 768w, https:\/\/franck-michel.fr\/wp-content\/uploads\/2024\/01\/69-1536x747.jpg 1536w, https:\/\/franck-michel.fr\/wp-content\/uploads\/2024\/01\/69-2048x996.jpg 2048w\" sizes=\"auto, (max-width: 2560px) 100vw, 2560px\" \/><\/figure>\n\n\n\n<h2 class=\"blockart-heading blockart-heading-d5d79ff9\">EXTERIEURS &amp; PORTAILS<\/h2>\n<\/div><\/div>\n\n\n\n<div class=\"blockart-column blockart-column-a0ccb7d9\"><div class=\"blockart-column-inner\">\n<figure class=\"blockart-image blockart-image-eafb955c\"><img loading=\"lazy\" decoding=\"async\" width=\"2560\" height=\"1244\" class=\"wp-image-436 hover-effect-static filter-none mask mask-none\" src=\"https:\/\/franck-michel.fr\/wp-content\/uploads\/2024\/01\/71-scaled.jpg\" alt=\"\" srcset=\"https:\/\/franck-michel.fr\/wp-content\/uploads\/2024\/01\/71-scaled.jpg 2560w, https:\/\/franck-michel.fr\/wp-content\/uploads\/2024\/01\/71-300x146.jpg 300w, https:\/\/franck-michel.fr\/wp-content\/uploads\/2024\/01\/71-1024x498.jpg 1024w, https:\/\/franck-michel.fr\/wp-content\/uploads\/2024\/01\/71-768x373.jpg 768w, https:\/\/franck-michel.fr\/wp-content\/uploads\/2024\/01\/71-1536x747.jpg 1536w, https:\/\/franck-michel.fr\/wp-content\/uploads\/2024\/01\/71-2048x996.jpg 2048w\" sizes=\"auto, (max-width: 2560px) 100vw, 2560px\" \/><\/figure>\n\n\n\n<h2 class=\"blockart-heading blockart-heading-5e39e8f0\">OUVERTURE MURS PORTEURS &amp; IPN<\/h2>\n<\/div><\/div>\n<\/div><\/div><\/div>\n<\/div><\/div>\n<\/div><\/div><\/div>\n\n\n\n<h2 class=\"blockart-heading blockart-heading-ab310928\"><\/h2>\n\n\n\n<div class=\"blockart-section blockart-section-ed0416f4\"><div class=\"blockart-container\"><div class=\"blockart-section-inner\"><\/div><\/div><\/div>\n","protected":false},"excerpt":{"rendered":"","protected":false},"author":1,"featured_media":0,"parent":0,"menu_order":0,"comment_status":"open","ping_status":"open","template":"page-templates\/pagebuilder.php","meta":{"footnotes":""},"class_list":["post-394","page","type-page","status-publish","hentry"],"_links":{"self":[{"href":"https:\/\/franck-michel.fr\/index.php\/wp-json\/wp\/v2\/pages\/394","targetHints":{"allow":["GET"]}}],"collection":[{"href":"https:\/\/franck-michel.fr\/index.php\/wp-json\/wp\/v2\/pages"}],"about":[{"href":"https:\/\/franck-michel.fr\/index.php\/wp-json\/wp\/v2\/types\/page"}],"author":[{"embeddable":true,"href":"https:\/\/franck-michel.fr\/index.php\/wp-json\/wp\/v2\/users\/1"}],"replies":[{"embeddable":true,"href":"https:\/\/franck-michel.fr\/index.php\/wp-json\/wp\/v2\/comments?post=394"}],"version-history":[{"count":10,"href":"https:\/\/franck-michel.fr\/index.php\/wp-json\/wp\/v2\/pages\/394\/revisions"}],"predecessor-version":[{"id":502,"href":"https:\/\/franck-michel.fr\/index.php\/wp-json\/wp\/v2\/pages\/394\/revisions\/502"}],"wp:attachment":[{"href":"https:\/\/franck-michel.fr\/index.php\/wp-json\/wp\/v2\/media?parent=394"}],"curies":[{"name":"wp","href":"https:\/\/api.w.org\/{rel}","templated":true}]}}