{"id":198,"date":"2023-10-18T14:18:09","date_gmt":"2023-10-18T14:18:09","guid":{"rendered":"https:\/\/optimus.qsandbox.com\/zqs\/qbcj\/site\/zakra-construction\/?page_id=198"},"modified":"2024-03-27T11:36:13","modified_gmt":"2024-03-27T10:36:13","slug":"about","status":"publish","type":"page","link":"https:\/\/franck-michel.fr\/index.php\/about\/","title":{"rendered":"Pr\u00e9sentation"},"content":{"rendered":"\n<div class=\"alignfull blockart-section blockart-section-affeec3d alignfull\"><div class=\"blockart-container\"><div class=\"blockart-section-inner\">\n<div class=\"blockart-column blockart-column-77e8c38b\"><div class=\"blockart-column-inner\">\n<figure class=\"blockart-image blockart-image-e483ee81\"><img loading=\"lazy\" decoding=\"async\" width=\"407\" height=\"408\" class=\"wp-image-478 hover-effect-static filter-none mask mask-none\" src=\"https:\/\/franck-michel.fr\/wp-content\/uploads\/2024\/03\/Franck.webp\" alt=\"\" srcset=\"https:\/\/franck-michel.fr\/wp-content\/uploads\/2024\/03\/Franck.webp 407w, https:\/\/franck-michel.fr\/wp-content\/uploads\/2024\/03\/Franck-300x300.webp 300w, https:\/\/franck-michel.fr\/wp-content\/uploads\/2024\/03\/Franck-150x150.webp 150w\" sizes=\"auto, (max-width: 407px) 100vw, 407px\" \/><\/figure>\n\n\n\n<h4 class=\"blockart-heading blockart-heading-f6240e5d\">Franck Michel<\/h4>\n\n\n\n<p class=\"blockart-paragraph blockart-paragraph-bc1cc2e5\">Dirigeant \/ Ma\u00e7on<\/p>\n\n\n\n<p class=\"blockart-paragraph blockart-paragraph-30329d40\">25 ans d&#8217;exp\u00e9rience en ma\u00e7onnerie g\u00e9n\u00e9rale et passionn\u00e9 par son m\u00e9tier, Franck aime le travail bien fait et la satisfaction de ses clients est une priorit\u00e9 au quotidien.<\/p>\n\n\n\n<ul class=\"wp-block-social-links has-icon-color has-icon-background-color is-style-default is-content-justification-center is-layout-flex wp-container-core-social-links-is-layout-f6f51b6e wp-block-social-links-is-layout-flex\"><li style=\"color:#ffffff;background-color:#ffb716;\" class=\"wp-social-link wp-social-link-facebook has-white-color wp-block-social-link\"><a href=\"https:\/\/www.facebook.com\/profile.php?id=100063820638715#\" class=\"wp-block-social-link-anchor\"><svg width=\"24\" height=\"24\" viewBox=\"0 0 24 24\" version=\"1.1\" xmlns=\"http:\/\/www.w3.org\/2000\/svg\" aria-hidden=\"true\" focusable=\"false\"><path d=\"M12 2C6.5 2 2 6.5 2 12c0 5 3.7 9.1 8.4 9.9v-7H7.9V12h2.5V9.8c0-2.5 1.5-3.9 3.8-3.9 1.1 0 2.2.2 2.2.2v2.5h-1.3c-1.2 0-1.6.8-1.6 1.6V12h2.8l-.4 2.9h-2.3v7C18.3 21.1 22 17 22 12c0-5.5-4.5-10-10-10z\"><\/path><\/svg><span class=\"wp-block-social-link-label screen-reader-text\">Facebook<\/span><\/a><\/li>\n\n<li style=\"color:#ffffff;background-color:#ffb716;\" class=\"wp-social-link wp-social-link-linkedin has-white-color wp-block-social-link\"><a href=\"https:\/\/www.linkedin.com\/in\/franck-michel-b68196a3\/\" class=\"wp-block-social-link-anchor\"><svg width=\"24\" height=\"24\" viewBox=\"0 0 24 24\" version=\"1.1\" xmlns=\"http:\/\/www.w3.org\/2000\/svg\" aria-hidden=\"true\" focusable=\"false\"><path d=\"M19.7,3H4.3C3.582,3,3,3.582,3,4.3v15.4C3,20.418,3.582,21,4.3,21h15.4c0.718,0,1.3-0.582,1.3-1.3V4.3 C21,3.582,20.418,3,19.7,3z M8.339,18.338H5.667v-8.59h2.672V18.338z M7.004,8.574c-0.857,0-1.549-0.694-1.549-1.548 c0-0.855,0.691-1.548,1.549-1.548c0.854,0,1.547,0.694,1.547,1.548C8.551,7.881,7.858,8.574,7.004,8.574z M18.339,18.338h-2.669 v-4.177c0-0.996-0.017-2.278-1.387-2.278c-1.389,0-1.601,1.086-1.601,2.206v4.249h-2.667v-8.59h2.559v1.174h0.037 c0.356-0.675,1.227-1.387,2.526-1.387c2.703,0,3.203,1.779,3.203,4.092V18.338z\"><\/path><\/svg><span class=\"wp-block-social-link-label screen-reader-text\">LinkedIn<\/span><\/a><\/li>\n\n<li style=\"color:#ffffff;background-color:#ffb716;\" class=\"wp-social-link wp-social-link-google has-white-color wp-block-social-link\"><a href=\"https:\/\/g.co\/kgs\/cFcGRvW\" class=\"wp-block-social-link-anchor\"><svg width=\"24\" height=\"24\" viewBox=\"0 0 24 24\" version=\"1.1\" xmlns=\"http:\/\/www.w3.org\/2000\/svg\" aria-hidden=\"true\" focusable=\"false\"><path d=\"M12.02,10.18v3.72v0.01h5.51c-0.26,1.57-1.67,4.22-5.5,4.22c-3.31,0-6.01-2.75-6.01-6.12s2.7-6.12,6.01-6.12 c1.87,0,3.13,0.8,3.85,1.48l2.84-2.76C16.99,2.99,14.73,2,12.03,2c-5.52,0-10,4.48-10,10s4.48,10,10,10c5.77,0,9.6-4.06,9.6-9.77 c0-0.83-0.11-1.42-0.25-2.05H12.02z\"><\/path><\/svg><span class=\"wp-block-social-link-label screen-reader-text\">Google<\/span><\/a><\/li>\n\n<li style=\"color:#ffffff;background-color:#ffb716;\" class=\"wp-social-link wp-social-link-mail has-white-color wp-block-social-link\"><a href=\"mailto:michel.franck76@gmail.com\" class=\"wp-block-social-link-anchor\"><svg width=\"24\" height=\"24\" viewBox=\"0 0 24 24\" version=\"1.1\" xmlns=\"http:\/\/www.w3.org\/2000\/svg\" aria-hidden=\"true\" focusable=\"false\"><path d=\"M19,5H5c-1.1,0-2,.9-2,2v10c0,1.1.9,2,2,2h14c1.1,0,2-.9,2-2V7c0-1.1-.9-2-2-2zm.5,12c0,.3-.2.5-.5.5H5c-.3,0-.5-.2-.5-.5V9.8l7.5,5.6,7.5-5.6V17zm0-9.1L12,13.6,4.5,7.9V7c0-.3.2-.5.5-.5h14c.3,0,.5.2.5.5v.9z\"><\/path><\/svg><span class=\"wp-block-social-link-label screen-reader-text\">Mail<\/span><\/a><\/li><\/ul>\n<\/div><\/div>\n\n\n\n<div class=\"blockart-column blockart-column-4c72ab2f\"><div class=\"blockart-column-inner\">\n<h2 class=\"blockart-heading blockart-heading-21fd8110\">En quelques mots<\/h2>\n\n\n\n<p class=\"blockart-paragraph blockart-paragraph-a2f368a8\">Apr\u00e8s plusieurs ann\u00e9es \u00e0 exercer en tant que salari\u00e9 au sein d&#8217;entreprises de ma\u00e7onnerie dans l&#8217;agglom\u00e9ration de Rouen, j&#8217;ai d\u00e9cid\u00e9 de pratiquer mon activit\u00e9 en tant que ma\u00e7on ind\u00e9pendant.<\/p>\n\n\n\n<p class=\"blockart-paragraph blockart-paragraph-daf83e96\">Depuis pr\u00e8s de 15 ans \u00e0 mon compte, je r\u00e9alise tous types de travaux de ma\u00e7onnerie sur le secteur Rouennais et la campagne environnante. En tant qu&#8217;artisan de proximit\u00e9, je travaille avec des entreprises locales pour la fourniture des mati\u00e8res premi\u00e8res n\u00e9cessaires \u00e0 vos projets.<\/p>\n\n\n\n<p class=\"blockart-paragraph blockart-paragraph-479f81d5\">\u00c9quip\u00e9 de tout le mat\u00e9riel n\u00e9cessaire, je sais m&#8217;adapter \u00e0 vos chantiers avec camion, mini-pelle et m\u00eame pompe \u00e0 b\u00e9ton avec fl\u00e8che pour les zones difficiles d&#8217;acc\u00e8s.<\/p>\n<\/div><\/div>\n<\/div><\/div><\/div>\n\n\n\n<div class=\"alignfull blockart-section blockart-section-bd243139 alignfull\"><div class=\"blockart-container\"><div class=\"blockart-section-inner\">\n<div class=\"blockart-column blockart-column-a675f97d\"><div class=\"blockart-column-inner\">\n<figure class=\"wp-block-gallery has-nested-images columns-default is-cropped wp-block-gallery-1 is-layout-flex wp-block-gallery-is-layout-flex\">\n<figure class=\"wp-block-image size-large\"><img loading=\"lazy\" decoding=\"async\" width=\"461\" height=\"1024\" data-id=\"484\" src=\"https:\/\/franck-michel.fr\/wp-content\/uploads\/2024\/03\/95-461x1024.jpg\" alt=\"\" class=\"wp-image-484\" srcset=\"https:\/\/franck-michel.fr\/wp-content\/uploads\/2024\/03\/95-461x1024.jpg 461w, https:\/\/franck-michel.fr\/wp-content\/uploads\/2024\/03\/95-135x300.jpg 135w, https:\/\/franck-michel.fr\/wp-content\/uploads\/2024\/03\/95-768x1705.jpg 768w, https:\/\/franck-michel.fr\/wp-content\/uploads\/2024\/03\/95-692x1536.jpg 692w, https:\/\/franck-michel.fr\/wp-content\/uploads\/2024\/03\/95-922x2048.jpg 922w, https:\/\/franck-michel.fr\/wp-content\/uploads\/2024\/03\/95-scaled.jpg 1153w\" sizes=\"auto, (max-width: 461px) 100vw, 461px\" \/><\/figure>\n\n\n\n<figure class=\"wp-block-image size-large\"><img loading=\"lazy\" decoding=\"async\" width=\"498\" height=\"1024\" data-id=\"483\" src=\"https:\/\/franck-michel.fr\/wp-content\/uploads\/2024\/03\/57-498x1024.jpg\" alt=\"\" class=\"wp-image-483\" srcset=\"https:\/\/franck-michel.fr\/wp-content\/uploads\/2024\/03\/57-498x1024.jpg 498w, https:\/\/franck-michel.fr\/wp-content\/uploads\/2024\/03\/57-146x300.jpg 146w, https:\/\/franck-michel.fr\/wp-content\/uploads\/2024\/03\/57-768x1580.jpg 768w, https:\/\/franck-michel.fr\/wp-content\/uploads\/2024\/03\/57-747x1536.jpg 747w, https:\/\/franck-michel.fr\/wp-content\/uploads\/2024\/03\/57-996x2048.jpg 996w, https:\/\/franck-michel.fr\/wp-content\/uploads\/2024\/03\/57-scaled.jpg 1244w\" sizes=\"auto, (max-width: 498px) 100vw, 498px\" \/><\/figure>\n\n\n\n<figure class=\"wp-block-image size-large\"><img loading=\"lazy\" decoding=\"async\" width=\"1024\" height=\"576\" data-id=\"482\" src=\"https:\/\/franck-michel.fr\/wp-content\/uploads\/2024\/03\/5-1024x576.jpg\" alt=\"\" class=\"wp-image-482\" srcset=\"https:\/\/franck-michel.fr\/wp-content\/uploads\/2024\/03\/5-1024x576.jpg 1024w, https:\/\/franck-michel.fr\/wp-content\/uploads\/2024\/03\/5-300x169.jpg 300w, https:\/\/franck-michel.fr\/wp-content\/uploads\/2024\/03\/5-768x432.jpg 768w, https:\/\/franck-michel.fr\/wp-content\/uploads\/2024\/03\/5-1536x864.jpg 1536w, https:\/\/franck-michel.fr\/wp-content\/uploads\/2024\/03\/5-2048x1152.jpg 2048w\" sizes=\"auto, (max-width: 1024px) 100vw, 1024px\" \/><\/figure>\n\n\n\n<figure class=\"wp-block-image size-large\"><img loading=\"lazy\" decoding=\"async\" width=\"2156\" height=\"1348\" data-id=\"486\" src=\"https:\/\/franck-michel.fr\/wp-content\/uploads\/2024\/03\/54-edited-1.jpg\" alt=\"\" class=\"wp-image-486\" srcset=\"https:\/\/franck-michel.fr\/wp-content\/uploads\/2024\/03\/54-edited-1.jpg 2156w, https:\/\/franck-michel.fr\/wp-content\/uploads\/2024\/03\/54-edited-1-300x188.jpg 300w, https:\/\/franck-michel.fr\/wp-content\/uploads\/2024\/03\/54-edited-1-1024x640.jpg 1024w, https:\/\/franck-michel.fr\/wp-content\/uploads\/2024\/03\/54-edited-1-768x480.jpg 768w, https:\/\/franck-michel.fr\/wp-content\/uploads\/2024\/03\/54-edited-1-1536x960.jpg 1536w, https:\/\/franck-michel.fr\/wp-content\/uploads\/2024\/03\/54-edited-1-2048x1280.jpg 2048w\" sizes=\"auto, (max-width: 2156px) 100vw, 2156px\" \/><\/figure>\n<\/figure>\n<\/div><\/div>\n<\/div><\/div><\/div>\n","protected":false},"excerpt":{"rendered":"","protected":false},"author":1,"featured_media":0,"parent":0,"menu_order":0,"comment_status":"closed","ping_status":"closed","template":"page-templates\/pagebuilder.php","meta":{"footnotes":""},"class_list":["post-198","page","type-page","status-publish","hentry"],"_links":{"self":[{"href":"https:\/\/franck-michel.fr\/index.php\/wp-json\/wp\/v2\/pages\/198","targetHints":{"allow":["GET"]}}],"collection":[{"href":"https:\/\/franck-michel.fr\/index.php\/wp-json\/wp\/v2\/pages"}],"about":[{"href":"https:\/\/franck-michel.fr\/index.php\/wp-json\/wp\/v2\/types\/page"}],"author":[{"embeddable":true,"href":"https:\/\/franck-michel.fr\/index.php\/wp-json\/wp\/v2\/users\/1"}],"replies":[{"embeddable":true,"href":"https:\/\/franck-michel.fr\/index.php\/wp-json\/wp\/v2\/comments?post=198"}],"version-history":[{"count":5,"href":"https:\/\/franck-michel.fr\/index.php\/wp-json\/wp\/v2\/pages\/198\/revisions"}],"predecessor-version":[{"id":501,"href":"https:\/\/franck-michel.fr\/index.php\/wp-json\/wp\/v2\/pages\/198\/revisions\/501"}],"wp:attachment":[{"href":"https:\/\/franck-michel.fr\/index.php\/wp-json\/wp\/v2\/media?parent=198"}],"curies":[{"name":"wp","href":"https:\/\/api.w.org\/{rel}","templated":true}]}}